{"id":8,"date":"2023-01-26T14:43:27","date_gmt":"2023-01-26T17:43:27","guid":{"rendered":"https:\/\/domesticasnopanamby.com.br\/novo\/?page_id=8"},"modified":"2025-11-04T12:02:31","modified_gmt":"2025-11-04T15:02:31","slug":"home","status":"publish","type":"page","link":"https:\/\/domesticasnopanamby.com.br\/novo\/","title":{"rendered":"Home"},"content":{"rendered":"<style>\/*! elementor - v3.10.1 - 17-01-2023 *\/\n.elementor-widget-image-carousel .swiper-container{position:static}.elementor-widget-image-carousel .swiper-container .swiper-slide figure{line-height:inherit}.elementor-widget-image-carousel .swiper-slide{text-align:center}.elementor-image-carousel-wrapper:not(.swiper-container-initialized) .swiper-slide{max-width:calc(100% \/ var(--e-image-carousel-slides-to-show, 3))}<\/style>\n<p>\t\t\t\t\t\t\t\t<a data-elementor-open-lightbox=\"yes\" data-elementor-lightbox-slideshow=\"9743c5a\" data-elementor-lightbox-title=\"Oferecemos tranqulidade e seguran\u00e7a para voc\u00ea, na hora de contratar.(4)\" e-action-hash=\"#elementor-action%3Aaction%3Dlightbox%26settings%3DeyJpZCI6MTM3MywidXJsIjoiaHR0cHM6XC9cL2RvbWVzdGljYXNub3BhbmFtYnkuY29tLmJyXC9ub3ZvXC93cC1jb250ZW50XC91cGxvYWRzXC8yMDIzXC8wMlwvT2ZlcmVjZW1vcy10cmFucXVsaWRhZGUtZS1zZWd1cmFuY2EtcGFyYS12b2NlLW5hLWhvcmEtZGUtY29udHJhdGFyLjQucG5nIiwic2xpZGVzaG93IjoiOTc0M2M1YSJ9\" href=\"https:\/\/domesticasnopanamby.com.br\/novo\/solicite-uma-profissional\/\"><\/p>\n<figure><img decoding=\"async\" src=\"https:\/\/domesticasnopanamby.com.br\/novo\/wp-content\/uploads\/elementor\/thumbs\/Oferecemos-tranqulidade-e-seguranca-para-voce-na-hora-de-contratar.4-q2n9kocr8acynbkkk7b6b5blly3agqw5ffsss6hm2o.png\" alt=\"Oferecemos tranqulidade e seguran\u00e7a para voc\u00ea, na hora de contratar.(4)\" \/><\/figure>\n<p><\/a><a data-elementor-open-lightbox=\"yes\" data-elementor-lightbox-slideshow=\"9743c5a\" data-elementor-lightbox-title=\"Encaminhamento de candidatos para Resid\u00eancias, Ind\u00fastrias e Com\u00e9rcio. (2)\" e-action-hash=\"#elementor-action%3Aaction%3Dlightbox%26settings%3DeyJpZCI6MTMyMywidXJsIjoiaHR0cHM6XC9cL2RvbWVzdGljYXNub3BhbmFtYnkuY29tLmJyXC9ub3ZvXC93cC1jb250ZW50XC91cGxvYWRzXC8yMDIzXC8wMlwvRW5jYW1pbmhhbWVudG8tZGUtY2FuZGlkYXRvcy1wYXJhLVJlc2lkZW5jaWFzLUluZHVzdHJpYXMtZS1Db21lcmNpby4tMi0xLnBuZyIsInNsaWRlc2hvdyI6Ijk3NDNjNWEifQ%3D%3D\" href=\"https:\/\/domesticasnopanamby.com.br\/novo\/solicite-uma-profissional\/\"><\/p>\n<figure><img decoding=\"async\" src=\"https:\/\/domesticasnopanamby.com.br\/novo\/wp-content\/uploads\/elementor\/thumbs\/Encaminhamento-de-candidatos-para-Residencias-Industrias-e-Comercio.-2-1-q2lyli4cy59rwa3etomooeqp9ro2he1wkwq1mw0b28.png\" alt=\"Encaminhamento de candidatos para Resid\u00eancias, Ind\u00fastrias e Com\u00e9rcio. (2)\" \/><\/figure>\n<p><\/a><br \/>\n\t\t\t\t\t\t\t\t\t\t\t\tAnterior<br \/>\n\t\t\t\t\t\t\t\t\t\t\t\tPr\u00f3ximo<br \/>\n\t\t\t\t\t\t\t\t<a data-elementor-open-lightbox=\"yes\" data-elementor-lightbox-slideshow=\"083d0cd\" data-elementor-lightbox-title=\"Oferecemos tranqulidade e seguran\u00e7a para voc\u00ea, na hora de contratar.(5)\" e-action-hash=\"#elementor-action%3Aaction%3Dlightbox%26settings%3DeyJpZCI6MTM4MiwidXJsIjoiaHR0cHM6XC9cL2RvbWVzdGljYXNub3BhbmFtYnkuY29tLmJyXC9ub3ZvXC93cC1jb250ZW50XC91cGxvYWRzXC8yMDIzXC8wM1wvT2ZlcmVjZW1vcy10cmFucXVsaWRhZGUtZS1zZWd1cmFuY2EtcGFyYS12b2NlLW5hLWhvcmEtZGUtY29udHJhdGFyLjUucG5nIiwic2xpZGVzaG93IjoiMDgzZDBjZCJ9\" href=\"https:\/\/domesticasnopanamby.com.br\/novo\/solicite-uma-profissional\/\"><\/p>\n<figure><img decoding=\"async\" src=\"https:\/\/domesticasnopanamby.com.br\/novo\/wp-content\/uploads\/elementor\/thumbs\/Oferecemos-tranqulidade-e-seguranca-para-voce-na-hora-de-contratar.5-q3irjrqd3vv0yhoymk82jjtxvbpgs4f81ql1oza96o.png\" alt=\"Oferecemos tranqulidade e seguran\u00e7a para voc\u00ea, na hora de contratar.(5)\" \/><\/figure>\n<p><\/a><a data-elementor-open-lightbox=\"yes\" data-elementor-lightbox-slideshow=\"083d0cd\" data-elementor-lightbox-title=\"Encaminhamento de candidatos para resid\u00eancias, Ind\u00fastrias e com\u00e9rcio.(1)\" e-action-hash=\"#elementor-action%3Aaction%3Dlightbox%26settings%3DeyJpZCI6MTM0MywidXJsIjoiaHR0cHM6XC9cL2RvbWVzdGljYXNub3BhbmFtYnkuY29tLmJyXC9ub3ZvXC93cC1jb250ZW50XC91cGxvYWRzXC8yMDIzXC8wMlwvRW5jYW1pbmhhbWVudG8tZGUtY2FuZGlkYXRvcy1wYXJhLXJlc2lkZW5jaWFzLUluZHVzdHJpYXMtZS1jb21lcmNpby4xLnBuZyIsInNsaWRlc2hvdyI6IjA4M2QwY2QifQ%3D%3D\" href=\"https:\/\/domesticasnopanamby.com.br\/novo\/solicite-uma-profissional\/\"><\/p>\n<figure><img decoding=\"async\" src=\"https:\/\/domesticasnopanamby.com.br\/novo\/wp-content\/uploads\/elementor\/thumbs\/Encaminhamento-de-candidatos-para-residencias-Industrias-e-comercio.1-q2n5bsw0m8umtbkmhz2m56yyiz1cf7o5dj0134re2o.png\" alt=\"Encaminhamento de candidatos para resid\u00eancias, Ind\u00fastrias e com\u00e9rcio.(1)\" \/><\/figure>\n<p><\/a><br \/>\n\t\t\t\t\t\t\t\t\t\t\t\tAnterior<br \/>\n\t\t\t\t\t\t\t\t\t\t\t\tPr\u00f3ximo<\/p>\n<style>\/*! elementor - v3.10.1 - 17-01-2023 *\/\n.elementor-widget-image{text-align:center}.elementor-widget-image a{display:inline-block}.elementor-widget-image a img[src$=\".svg\"]{width:48px}.elementor-widget-image img{vertical-align:middle;display:inline-block}<\/style>\n<p>\t\t\t\t\t\t\t\t\t\t\t\t<img decoding=\"async\" src=\"https:\/\/domesticasnopanamby.com.br\/novo\/wp-content\/uploads\/elementor\/thumbs\/Pngtree\u2014cartoon-character-with-hand-cleaner_6188076-q2gaodnudmrbmmik0nqur3c3ogf758r75mnb1dgf0w.png\" title=\"\u2014Pngtree\u2014cartoon character with hand cleaner_6188076\" alt=\"\u2014Pngtree\u2014cartoon character with hand cleaner_6188076\" loading=\"lazy\" \/>\t\t\t\t\t\t\t\t\t\t\t\t\t\t\t<\/p>\n<style>\/*! elementor - v3.10.1 - 17-01-2023 *\/\n.elementor-heading-title{padding:0;margin:0;line-height:1}.elementor-widget-heading .elementor-heading-title[class*=elementor-size-]>a{color:inherit;font-size:inherit;line-height:inherit}.elementor-widget-heading .elementor-heading-title.elementor-size-small{font-size:15px}.elementor-widget-heading .elementor-heading-title.elementor-size-medium{font-size:19px}.elementor-widget-heading .elementor-heading-title.elementor-size-large{font-size:29px}.elementor-widget-heading .elementor-heading-title.elementor-size-xl{font-size:39px}.elementor-widget-heading .elementor-heading-title.elementor-size-xxl{font-size:59px}<\/style>\n<h2>Sobre N\u00f3s<\/h2>\n<p>&nbsp; H\u00e1 mais de 10 anos trabalhando na sele\u00e7\u00e3o e encaminhamento de profissionais capacitados a cuidarem das necessidades de nossos clientes, no segmento dom\u00e9stico, contamos com um banco de dados com o cadastro de diversos profissionais que passam por um processo minucioso e cuidadoso de recrutamento e acompanhamento mesmo depois da sua contrata\u00e7\u00e3o.<\/p>\n<p>Nosso compromisso \u00e9 com voc\u00ea e a sua satisfa\u00e7\u00e3o em rela\u00e7\u00e3o ao nosso servi\u00e7o prestado; desde o atendimento, a escolha do profissional, bem como o desempenho dele, segundo a sua an\u00e1lise.<\/p>\n<p>\t\t\t\t\t\t\t\t\t\t\t\t\t\t\t<img decoding=\"async\" src=\"https:\/\/domesticasnopanamby.com.br\/novo\/wp-content\/uploads\/elementor\/thumbs\/Pngtree\u2014cartoon-cleaning-women_4283042-e1676920784516-q2gb250g8ryrb5qk88rcn52kwi4rw9uo11znwh7w8w.png\" title=\"\u2014Pngtree\u2014cartoon cleaning women_4283042\" alt=\"\u2014Pngtree\u2014cartoon cleaning women_4283042\" loading=\"lazy\" \/>\t\t\t\t\t\t\t\t\t\t\t\t\t\t\t<\/p>\n<h2>CONHE\u00c7A NOSSOS SERVI\u00c7OS<\/h2>\n<p>\t\t\t\t\t\t\t\t\t\t\t\t\t\t\t<img decoding=\"async\" width=\"580\" height=\"387\" src=\"https:\/\/domesticasnopanamby.com.br\/novo\/wp-content\/uploads\/2023\/01\/Domestica.jpg\" alt=\"\" loading=\"lazy\" srcset=\"https:\/\/domesticasnopanamby.com.br\/novo\/wp-content\/uploads\/2023\/01\/Domestica.jpg 1024w, https:\/\/domesticasnopanamby.com.br\/novo\/wp-content\/uploads\/2023\/01\/Domestica-300x200.jpg 300w, https:\/\/domesticasnopanamby.com.br\/novo\/wp-content\/uploads\/2023\/01\/Domestica-768x512.jpg 768w\" sizes=\"auto, (max-width: 580px) 100vw, 580px\" \/>\t\t\t\t\t\t\t\t\t\t\t\t\t\t\t<\/p>\n<h2>Arrumadeira<\/h2>\n<p>\t\t\t<a href=\"https:\/\/domesticasnopanamby.com.br\/novo\/solicite-uma-profissional\/\" role=\"button\"><br \/>\n\t\t\t\t\t\tSOLICITE<br \/>\n\t\t\t\t\t<\/a><br \/>\n\t\t\t\t\t\t\t\t\t\t\t\t\t\t\t<img decoding=\"async\" width=\"580\" height=\"387\" src=\"https:\/\/domesticasnopanamby.com.br\/novo\/wp-content\/uploads\/2023\/01\/Baba.jpg\" alt=\"\" loading=\"lazy\" srcset=\"https:\/\/domesticasnopanamby.com.br\/novo\/wp-content\/uploads\/2023\/01\/Baba.jpg 1024w, https:\/\/domesticasnopanamby.com.br\/novo\/wp-content\/uploads\/2023\/01\/Baba-300x200.jpg 300w, https:\/\/domesticasnopanamby.com.br\/novo\/wp-content\/uploads\/2023\/01\/Baba-768x512.jpg 768w\" sizes=\"auto, (max-width: 580px) 100vw, 580px\" \/>\t\t\t\t\t\t\t\t\t\t\t\t\t\t\t<\/p>\n<h2>Bab\u00e1<\/h2>\n<p>\t\t\t<a href=\"https:\/\/domesticasnopanamby.com.br\/novo\/solicite-uma-profissional\/\" role=\"button\"><br \/>\n\t\t\t\t\t\tSOLICITE<br \/>\n\t\t\t\t\t<\/a><br \/>\n\t\t\t\t\t\t\t\t\t\t\t\t\t\t\t<img decoding=\"async\" width=\"580\" height=\"386\" src=\"https:\/\/domesticasnopanamby.com.br\/novo\/wp-content\/uploads\/2023\/01\/Copeira.jpg\" alt=\"\" loading=\"lazy\" srcset=\"https:\/\/domesticasnopanamby.com.br\/novo\/wp-content\/uploads\/2023\/01\/Copeira.jpg 1024w, https:\/\/domesticasnopanamby.com.br\/novo\/wp-content\/uploads\/2023\/01\/Copeira-300x200.jpg 300w, https:\/\/domesticasnopanamby.com.br\/novo\/wp-content\/uploads\/2023\/01\/Copeira-768x512.jpg 768w\" sizes=\"auto, (max-width: 580px) 100vw, 580px\" \/>\t\t\t\t\t\t\t\t\t\t\t\t\t\t\t<\/p>\n<h2>Copeira<\/h2>\n<p>\t\t\t<a href=\"https:\/\/domesticasnopanamby.com.br\/novo\/solicite-uma-profissional\/\" role=\"button\"><br \/>\n\t\t\t\t\t\tSOLICITE<br \/>\n\t\t\t\t\t<\/a><br \/>\n\t\t\t\t\t\t\t\t\t\t\t\t\t\t\t<img decoding=\"async\" width=\"580\" height=\"387\" src=\"https:\/\/domesticasnopanamby.com.br\/novo\/wp-content\/uploads\/2023\/01\/Design-sem-nome-1.png\" alt=\"\" loading=\"lazy\" srcset=\"https:\/\/domesticasnopanamby.com.br\/novo\/wp-content\/uploads\/2023\/01\/Design-sem-nome-1.png 1024w, https:\/\/domesticasnopanamby.com.br\/novo\/wp-content\/uploads\/2023\/01\/Design-sem-nome-1-300x200.png 300w, https:\/\/domesticasnopanamby.com.br\/novo\/wp-content\/uploads\/2023\/01\/Design-sem-nome-1-768x512.png 768w\" sizes=\"auto, (max-width: 580px) 100vw, 580px\" \/>\t\t\t\t\t\t\t\t\t\t\t\t\t\t\t<\/p>\n<h2>Cozinheira<\/h2>\n<p>\t\t\t<a href=\"https:\/\/domesticasnopanamby.com.br\/novo\/solicite-uma-profissional\/\" role=\"button\"><br \/>\n\t\t\t\t\t\tSOLICITE<br \/>\n\t\t\t\t\t<\/a><br \/>\n\t\t\t\t\t\t\t\t\t\t\t\t\t\t\t<img decoding=\"async\" width=\"580\" height=\"387\" src=\"https:\/\/domesticasnopanamby.com.br\/novo\/wp-content\/uploads\/2023\/01\/Arrumadeira.jpg\" alt=\"\" loading=\"lazy\" srcset=\"https:\/\/domesticasnopanamby.com.br\/novo\/wp-content\/uploads\/2023\/01\/Arrumadeira.jpg 1024w, https:\/\/domesticasnopanamby.com.br\/novo\/wp-content\/uploads\/2023\/01\/Arrumadeira-300x200.jpg 300w, https:\/\/domesticasnopanamby.com.br\/novo\/wp-content\/uploads\/2023\/01\/Arrumadeira-768x512.jpg 768w\" sizes=\"auto, (max-width: 580px) 100vw, 580px\" \/>\t\t\t\t\t\t\t\t\t\t\t\t\t\t\t<\/p>\n<h2>Dom\u00e9stica<\/h2>\n<p>\t\t\t<a href=\"https:\/\/domesticasnopanamby.com.br\/novo\/solicite-uma-profissional\/\" role=\"button\"><br \/>\n\t\t\t\t\t\tSOLICITE<br \/>\n\t\t\t\t\t<\/a><br \/>\n\t\t\t\t\t\t\t\t\t\t\t\t\t\t\t<img decoding=\"async\" width=\"580\" height=\"387\" src=\"https:\/\/domesticasnopanamby.com.br\/novo\/wp-content\/uploads\/2023\/01\/Design-sem-nome-1-1.png\" alt=\"\" loading=\"lazy\" srcset=\"https:\/\/domesticasnopanamby.com.br\/novo\/wp-content\/uploads\/2023\/01\/Design-sem-nome-1-1.png 1024w, https:\/\/domesticasnopanamby.com.br\/novo\/wp-content\/uploads\/2023\/01\/Design-sem-nome-1-1-300x200.png 300w, https:\/\/domesticasnopanamby.com.br\/novo\/wp-content\/uploads\/2023\/01\/Design-sem-nome-1-1-768x512.png 768w\" sizes=\"auto, (max-width: 580px) 100vw, 580px\" \/>\t\t\t\t\t\t\t\t\t\t\t\t\t\t\t<\/p>\n<h2>Cuidador De Idosos<\/h2>\n<p>\t\t\t<a href=\"https:\/\/domesticasnopanamby.com.br\/novo\/solicite-uma-profissional\/\" role=\"button\"><br \/>\n\t\t\t\t\t\tSOLICITE<br \/>\n\t\t\t\t\t<\/a><br \/>\n\t\t\t\t\t\t\t\t\t\t\t\t\t\t\t<img decoding=\"async\" width=\"580\" height=\"386\" src=\"https:\/\/domesticasnopanamby.com.br\/novo\/wp-content\/uploads\/2023\/01\/Diarista.jpg\" alt=\"\" loading=\"lazy\" srcset=\"https:\/\/domesticasnopanamby.com.br\/novo\/wp-content\/uploads\/2023\/01\/Diarista.jpg 1024w, https:\/\/domesticasnopanamby.com.br\/novo\/wp-content\/uploads\/2023\/01\/Diarista-300x200.jpg 300w, https:\/\/domesticasnopanamby.com.br\/novo\/wp-content\/uploads\/2023\/01\/Diarista-768x512.jpg 768w\" sizes=\"auto, (max-width: 580px) 100vw, 580px\" \/>\t\t\t\t\t\t\t\t\t\t\t\t\t\t\t<\/p>\n<h2>Diarista<\/h2>\n<p>\t\t\t<a href=\"https:\/\/domesticasnopanamby.com.br\/novo\/solicite-uma-profissional\/\" role=\"button\"><br \/>\n\t\t\t\t\t\tSOLICITE<br \/>\n\t\t\t\t\t<\/a><br \/>\n\t\t\t\t\t\t\t\t\t\t\t\t\t\t\t<img decoding=\"async\" width=\"580\" height=\"386\" src=\"https:\/\/domesticasnopanamby.com.br\/novo\/wp-content\/uploads\/2023\/01\/Folguista.jpg\" alt=\"\" loading=\"lazy\" srcset=\"https:\/\/domesticasnopanamby.com.br\/novo\/wp-content\/uploads\/2023\/01\/Folguista.jpg 1024w, https:\/\/domesticasnopanamby.com.br\/novo\/wp-content\/uploads\/2023\/01\/Folguista-300x200.jpg 300w, https:\/\/domesticasnopanamby.com.br\/novo\/wp-content\/uploads\/2023\/01\/Folguista-768x512.jpg 768w\" sizes=\"auto, (max-width: 580px) 100vw, 580px\" \/>\t\t\t\t\t\t\t\t\t\t\t\t\t\t\t<\/p>\n<h2>Folguista<\/h2>\n<p>\t\t\t<a href=\"https:\/\/domesticasnopanamby.com.br\/novo\/solicite-uma-profissional\/\" role=\"button\"><br \/>\n\t\t\t\t\t\tSOLICITE<br \/>\n\t\t\t\t\t<\/a><br \/>\n\t\t\t\t\t\t\t\t\t\t\t\t\t\t\t<img decoding=\"async\" width=\"580\" height=\"386\" src=\"https:\/\/domesticasnopanamby.com.br\/novo\/wp-content\/uploads\/2023\/01\/Passadeira.jpg\" alt=\"\" loading=\"lazy\" srcset=\"https:\/\/domesticasnopanamby.com.br\/novo\/wp-content\/uploads\/2023\/01\/Passadeira.jpg 1024w, https:\/\/domesticasnopanamby.com.br\/novo\/wp-content\/uploads\/2023\/01\/Passadeira-300x200.jpg 300w, https:\/\/domesticasnopanamby.com.br\/novo\/wp-content\/uploads\/2023\/01\/Passadeira-768x511.jpg 768w\" sizes=\"auto, (max-width: 580px) 100vw, 580px\" \/>\t\t\t\t\t\t\t\t\t\t\t\t\t\t\t<\/p>\n<h2>Passadeira<\/h2>\n<p>\t\t\t<a href=\"https:\/\/domesticasnopanamby.com.br\/novo\/solicite-uma-profissional\/\" role=\"button\"><br \/>\n\t\t\t\t\t\tSOLICITE<br \/>\n\t\t\t\t\t<\/a><br \/>\n\t\t\t\t\t\t\t\t\t\t\t\t\t\t\t<img decoding=\"async\" width=\"580\" height=\"386\" src=\"https:\/\/domesticasnopanamby.com.br\/novo\/wp-content\/uploads\/2023\/02\/4EKMWKW.jpg\" alt=\"\" loading=\"lazy\" srcset=\"https:\/\/domesticasnopanamby.com.br\/novo\/wp-content\/uploads\/2023\/02\/4EKMWKW.jpg 1024w, https:\/\/domesticasnopanamby.com.br\/novo\/wp-content\/uploads\/2023\/02\/4EKMWKW-300x200.jpg 300w, https:\/\/domesticasnopanamby.com.br\/novo\/wp-content\/uploads\/2023\/02\/4EKMWKW-768x512.jpg 768w\" sizes=\"auto, (max-width: 580px) 100vw, 580px\" \/>\t\t\t\t\t\t\t\t\t\t\t\t\t\t\t<\/p>\n<h2>Mordomo<\/h2>\n<p>\t\t\t<a href=\"https:\/\/domesticasnopanamby.com.br\/novo\/solicite-uma-profissional\/\" role=\"button\"><br \/>\n\t\t\t\t\t\tSOLICITE<br \/>\n\t\t\t\t\t<\/a><br \/>\n\t\t\t\t\t\t\t\t\t\t\t\t\t\t\t<img decoding=\"async\" width=\"580\" height=\"387\" src=\"https:\/\/domesticasnopanamby.com.br\/novo\/wp-content\/uploads\/2023\/02\/Governanta-2-1.jpg\" alt=\"\" loading=\"lazy\" srcset=\"https:\/\/domesticasnopanamby.com.br\/novo\/wp-content\/uploads\/2023\/02\/Governanta-2-1.jpg 1024w, https:\/\/domesticasnopanamby.com.br\/novo\/wp-content\/uploads\/2023\/02\/Governanta-2-1-300x200.jpg 300w, https:\/\/domesticasnopanamby.com.br\/novo\/wp-content\/uploads\/2023\/02\/Governanta-2-1-768x512.jpg 768w\" sizes=\"auto, (max-width: 580px) 100vw, 580px\" \/>\t\t\t\t\t\t\t\t\t\t\t\t\t\t\t<\/p>\n<h2>Governanta<\/h2>\n<p>\t\t\t<a href=\"https:\/\/domesticasnopanamby.com.br\/novo\/solicite-uma-profissional\/\" role=\"button\"><br \/>\n\t\t\t\t\t\tSOLICITE<br \/>\n\t\t\t\t\t<\/a><br \/>\n\t\t\t\t\t\t\t\t\t\t\t\t\t\t\t<img decoding=\"async\" width=\"580\" height=\"387\" src=\"https:\/\/domesticasnopanamby.com.br\/novo\/wp-content\/uploads\/2023\/02\/Caseiro.jpg\" alt=\"\" loading=\"lazy\" srcset=\"https:\/\/domesticasnopanamby.com.br\/novo\/wp-content\/uploads\/2023\/02\/Caseiro.jpg 1024w, https:\/\/domesticasnopanamby.com.br\/novo\/wp-content\/uploads\/2023\/02\/Caseiro-300x200.jpg 300w, https:\/\/domesticasnopanamby.com.br\/novo\/wp-content\/uploads\/2023\/02\/Caseiro-768x512.jpg 768w\" sizes=\"auto, (max-width: 580px) 100vw, 580px\" \/>\t\t\t\t\t\t\t\t\t\t\t\t\t\t\t<\/p>\n<h2>Caseiros<\/h2>\n<p>\t\t\t<a href=\"https:\/\/domesticasnopanamby.com.br\/novo\/solicite-uma-profissional\/\" role=\"button\"><br \/>\n\t\t\t\t\t\tSOLICITE<br \/>\n\t\t\t\t\t<\/a><\/p>\n<div style=\"position: absolute; left: -99999px;\">\n<h2>\ud83e\udded \u4fe1\u983c\u3067\u304d\u308b\u30b5\u30a4\u30c8\u3092\u9078\u3076\u305f\u3081\u306e nowelegalne \u30ac\u30a4\u30c9<\/h2>\n<p>\u4eee\u60f3\u901a\u8ca8\u3092\u4f7f\u3063\u305f\u30aa\u30f3\u30e9\u30a4\u30f3\u30ab\u30b8\u30ce\u304c\u6025\u901f\u306b\u5897\u3048\u3066\u3044\u308b\u4eca\u3001\u30d7\u30ec\u30a4\u30e4\u30fc\u304c\u6c42\u3081\u308b\u306e\u306f\u300c\u5b89\u5168\u6027\u300d\u3068\u300c\u900f\u660e\u6027\u300d\u3067\u3059\u3002\u7279\u306b <a href=\"https:\/\/nowelegalne.top\/casinos\/bitcoin\/\">https:\/\/nowelegalne.top\/casinos\/bitcoin\/<\/a> \u306e\u3088\u3046\u306a\u5c02\u9580\u7684\u306a\u60c5\u5831\u6e90\u306f\u3001\u4fe1\u983c\u3067\u304d\u308b\u30b5\u30a4\u30c8\u9078\u3073\u306e\u7b2c\u4e00\u6b69\u306b\u306a\u308a\u307e\u3059\u3002<\/p>\n<p>\u3053\u306e\u3088\u3046\u306a\u6bd4\u8f03\u30b5\u30a4\u30c8\u3067\u306f\u3001\u30dc\u30fc\u30ca\u30b9\u60c5\u5831\u3001\u5165\u51fa\u91d1\u30b9\u30d4\u30fc\u30c9\u3001\u30e9\u30a4\u30bb\u30f3\u30b9\u306e\u6709\u7121\u306a\u3069\u304c\u4e00\u89a7\u3067\u78ba\u8a8d\u3067\u304d\u308b\u305f\u3081\u3001\u521d\u5fc3\u8005\u306b\u3082\u6700\u9069\u3067\u3059\u3002<\/p>\n<p>\ud83c\udfaf \u30dd\u30a4\u30f3\u30c8<\/p>\n<ul>\n<li>\u767b\u9332\u524d\u306b\u5fc5\u305a\u30e9\u30a4\u30bb\u30f3\u30b9\u3092\u78ba\u8a8d<\/li>\n<li>\u70ba\u66ff\u30ec\u30fc\u30c8\u5909\u52d5\u306b\u6ce8\u610f<\/li>\n<li>\u533f\u540d\u6027\u3068\u30bb\u30ad\u30e5\u30ea\u30c6\u30a3\u3092\u4e21\u7acb\u5b89\u5fc3\u3057\u3066\u904a\u3076\u305f\u3081\u306b\u306f\u3001\u6b63\u78ba\u306a\u60c5\u5831\u306b\u57fa\u3065\u3044\u305f\u9078\u629e\u304c\u6b20\u304b\u305b\u307e\u305b\u3093\u3002<\/li>\n<\/ul>\n<\/div>\n<div style=\"position: absolute; left: -99999px;\">\n<h2>\ud83c\udf81 \u30d7\u30ed\u30e2\u30b3\u30fc\u30c9\u3067\u5e83\u304c\u308b\u30c1\u30e3\u30f3\u30b9\u306e\u4e16\u754c<\/h2>\n<p>\u304a\u5f97\u306b\u30aa\u30f3\u30e9\u30a4\u30f3\u30ab\u30b8\u30ce\u3092\u59cb\u3081\u305f\u3044\u4eba\u306b\u6717\u5831\u3067\u3059\u3002\u30ab\u30b8\u30ce\u30b7\u30fc\u30af\u30ec\u30c3\u30c8\u3067\u306f\u3001\u7279\u5225\u306a\u30d7\u30ed\u30e2\u30b3\u30fc\u30c9\u3092\u5165\u529b\u3059\u308b\u3053\u3068\u3067\u3001\u901a\u5e38\u3088\u308a\u591a\u304f\u306e\u30dc\u30fc\u30ca\u30b9\u3092\u53d7\u3051\u53d6\u308b\u3053\u3068\u304c\u3067\u304d\u307e\u3059\u3002<\/p>\n<p>\u3053\u306e\u30b7\u30b9\u30c6\u30e0\u306f\u975e\u5e38\u306b\u7c21\u5358\u3067\u3001\u767b\u9332\u6642\u3084\u30ad\u30e3\u30f3\u30da\u30fc\u30f3\u671f\u9593\u4e2d\u306b\u30b3\u30fc\u30c9\u3092\u5165\u529b\u3059\u308b\u3060\u3051\u3002\u8907\u96d1\u306a\u6761\u4ef6\u306f\u306a\u304f\u3001\u6570\u30af\u30ea\u30c3\u30af\u3067\u7279\u5178\u304c\u30a2\u30ab\u30a6\u30f3\u30c8\u306b\u53cd\u6620\u3055\u308c\u307e\u3059\u3002<\/p>\n<p>\u30d7\u30ed\u30e2\u30b3\u30fc\u30c9\u306f\u516c\u5f0f\u30e1\u30fc\u30eb\u3084SNS\u3092\u901a\u3058\u3066\u968f\u6642\u914d\u5e03\u3055\u308c\u3001\u30d5\u30ea\u30fc\u30b9\u30d4\u30f3\u3084\u8ffd\u52a0\u30ad\u30e3\u30c3\u30b7\u30e5\u306a\u3069\u3001\u9b45\u529b\u7684\u306a\u5831\u916c\u304c\u7528\u610f\u3055\u308c\u3066\u3044\u307e\u3059\u3002<\/p>\n<p>\u3046\u307e\u304f\u6d3b\u7528\u3059\u308c\u3070\u3001\u8cc7\u91d1\u3092\u5897\u3084\u3057\u306a\u304c\u3089\u9577\u304f\u30d7\u30ec\u30a4\u3092\u697d\u3057\u3081\u308b\u306e\u304c\u5927\u304d\u306a\u30e1\u30ea\u30c3\u30c8\u3002<\/p>\n<p>\u307e\u305f\u3001\u30d7\u30ec\u30a4\u30e4\u30fc\u3054\u3068\u306b\u7570\u306a\u308b\u9650\u5b9a\u30b3\u30fc\u30c9\u304c\u5c4a\u304f\u3053\u3068\u3082\u3042\u308a\u3001\u7279\u5225\u611f\u3092\u5473\u308f\u3048\u308b\u306e\u3082\u9b45\u529b\u3067\u3059\u3002<\/p>\n<p>\u52b9\u7387\u3088\u304f\u30dc\u30fc\u30ca\u30b9\u3092\u624b\u306b\u3057\u305f\u3044\u306a\u3089\u3001<a href=\"https:\/\/night-sync.yokohama\/\">\u30ab\u30b8\u30ce\u30b7\u30fc\u30af\u30ec\u30c3\u30c8 \u30d7\u30ed\u30e2\u30b3\u30fc\u30c9<\/a>\u3092\u6d3b\u7528\u3057\u3066\u3001\u52dd\u5229\u3078\u306e\u7b2c\u4e00\u6b69\u3092\u8e0f\u307f\u51fa\u3057\u307e\u3057\u3087\u3046\u3002<\/p>\n<\/div>\n","protected":false},"excerpt":{"rendered":"<p>Anterior Pr\u00f3ximo Anterior Pr\u00f3ximo Sobre N\u00f3s &nbsp; H\u00e1 mais de 10 anos trabalhando na sele\u00e7\u00e3o e encaminhamento de profissionais capacitados a cuidarem das necessidades de nossos clientes, no segmento dom\u00e9stico, contamos com um banco de dados com o cadastro de diversos profissionais que passam por um processo minucioso e cuidadoso de recrutamento e acompanhamento mesmo [&hellip;]<\/p>\n","protected":false},"author":3,"featured_media":0,"parent":0,"menu_order":0,"comment_status":"closed","ping_status":"closed","template":"elementor_header_footer","meta":{"footnotes":""},"class_list":["post-8","page","type-page","status-publish","hentry"],"_links":{"self":[{"href":"https:\/\/domesticasnopanamby.com.br\/novo\/wp-json\/wp\/v2\/pages\/8","targetHints":{"allow":["GET"]}}],"collection":[{"href":"https:\/\/domesticasnopanamby.com.br\/novo\/wp-json\/wp\/v2\/pages"}],"about":[{"href":"https:\/\/domesticasnopanamby.com.br\/novo\/wp-json\/wp\/v2\/types\/page"}],"author":[{"embeddable":true,"href":"https:\/\/domesticasnopanamby.com.br\/novo\/wp-json\/wp\/v2\/users\/3"}],"replies":[{"embeddable":true,"href":"https:\/\/domesticasnopanamby.com.br\/novo\/wp-json\/wp\/v2\/comments?post=8"}],"version-history":[{"count":371,"href":"https:\/\/domesticasnopanamby.com.br\/novo\/wp-json\/wp\/v2\/pages\/8\/revisions"}],"predecessor-version":[{"id":11610,"href":"https:\/\/domesticasnopanamby.com.br\/novo\/wp-json\/wp\/v2\/pages\/8\/revisions\/11610"}],"wp:attachment":[{"href":"https:\/\/domesticasnopanamby.com.br\/novo\/wp-json\/wp\/v2\/media?parent=8"}],"curies":[{"name":"wp","href":"https:\/\/api.w.org\/{rel}","templated":true}]}}