{"id":434,"date":"2023-02-02T18:36:01","date_gmt":"2023-02-02T21:36:01","guid":{"rendered":"https:\/\/domesticasnopanamby.com.br\/novo\/?page_id=434"},"modified":"2023-02-23T18:05:49","modified_gmt":"2023-02-23T21:05:49","slug":"servicos","status":"publish","type":"page","link":"https:\/\/domesticasnopanamby.com.br\/novo\/servicos\/","title":{"rendered":"Servi\u00e7os"},"content":{"rendered":"<style>\/*! elementor - v3.10.1 - 17-01-2023 *\/\n.elementor-heading-title{padding:0;margin:0;line-height:1}.elementor-widget-heading .elementor-heading-title[class*=elementor-size-]>a{color:inherit;font-size:inherit;line-height:inherit}.elementor-widget-heading .elementor-heading-title.elementor-size-small{font-size:15px}.elementor-widget-heading .elementor-heading-title.elementor-size-medium{font-size:19px}.elementor-widget-heading .elementor-heading-title.elementor-size-large{font-size:29px}.elementor-widget-heading .elementor-heading-title.elementor-size-xl{font-size:39px}.elementor-widget-heading .elementor-heading-title.elementor-size-xxl{font-size:59px}<\/style>\n<h2>CONHE\u00c7A NOSSOS SERVI\u00c7OS<\/h2>\n<style>\/*! elementor - v3.10.1 - 17-01-2023 *\/\n.elementor-widget-image{text-align:center}.elementor-widget-image a{display:inline-block}.elementor-widget-image a img[src$=\".svg\"]{width:48px}.elementor-widget-image img{vertical-align:middle;display:inline-block}<\/style>\n<p>\t\t\t\t\t\t\t\t\t\t\t\t<img decoding=\"async\" width=\"580\" height=\"387\" src=\"https:\/\/domesticasnopanamby.com.br\/novo\/wp-content\/uploads\/2023\/01\/Domestica.jpg\" alt=\"\" loading=\"lazy\" srcset=\"https:\/\/domesticasnopanamby.com.br\/novo\/wp-content\/uploads\/2023\/01\/Domestica.jpg 1024w, https:\/\/domesticasnopanamby.com.br\/novo\/wp-content\/uploads\/2023\/01\/Domestica-300x200.jpg 300w, https:\/\/domesticasnopanamby.com.br\/novo\/wp-content\/uploads\/2023\/01\/Domestica-768x512.jpg 768w\" sizes=\"auto, (max-width: 580px) 100vw, 580px\" \/>\t\t\t\t\t\t\t\t\t\t\t\t\t\t\t<\/p>\n<h2>Arrumadeira<\/h2>\n<p>\t\t\t<a href=\"https:\/\/domesticasnopanamby.com.br\/novo\/solicite-uma-profissional\/\" role=\"button\"><br \/>\n\t\t\t\t\t\tSOLICITE<br \/>\n\t\t\t\t\t<\/a><br \/>\n\t\t\t\t\t\t\t\t\t\t\t\t\t\t\t<img decoding=\"async\" width=\"580\" height=\"387\" src=\"https:\/\/domesticasnopanamby.com.br\/novo\/wp-content\/uploads\/2023\/01\/Baba.jpg\" alt=\"\" loading=\"lazy\" srcset=\"https:\/\/domesticasnopanamby.com.br\/novo\/wp-content\/uploads\/2023\/01\/Baba.jpg 1024w, https:\/\/domesticasnopanamby.com.br\/novo\/wp-content\/uploads\/2023\/01\/Baba-300x200.jpg 300w, https:\/\/domesticasnopanamby.com.br\/novo\/wp-content\/uploads\/2023\/01\/Baba-768x512.jpg 768w\" sizes=\"auto, (max-width: 580px) 100vw, 580px\" \/>\t\t\t\t\t\t\t\t\t\t\t\t\t\t\t<\/p>\n<h2>Bab\u00e1<\/h2>\n<p>\t\t\t<a href=\"https:\/\/domesticasnopanamby.com.br\/novo\/solicite-uma-profissional\/\" role=\"button\"><br \/>\n\t\t\t\t\t\tSOLICITE<br \/>\n\t\t\t\t\t<\/a><br \/>\n\t\t\t\t\t\t\t\t\t\t\t\t\t\t\t<img decoding=\"async\" width=\"580\" height=\"386\" src=\"https:\/\/domesticasnopanamby.com.br\/novo\/wp-content\/uploads\/2023\/01\/Copeira.jpg\" alt=\"\" loading=\"lazy\" srcset=\"https:\/\/domesticasnopanamby.com.br\/novo\/wp-content\/uploads\/2023\/01\/Copeira.jpg 1024w, https:\/\/domesticasnopanamby.com.br\/novo\/wp-content\/uploads\/2023\/01\/Copeira-300x200.jpg 300w, https:\/\/domesticasnopanamby.com.br\/novo\/wp-content\/uploads\/2023\/01\/Copeira-768x512.jpg 768w\" sizes=\"auto, (max-width: 580px) 100vw, 580px\" \/>\t\t\t\t\t\t\t\t\t\t\t\t\t\t\t<\/p>\n<h2>Copeira<\/h2>\n<p>\t\t\t<a href=\"https:\/\/domesticasnopanamby.com.br\/novo\/solicite-uma-profissional\/\" role=\"button\"><br \/>\n\t\t\t\t\t\tSOLICITE<br \/>\n\t\t\t\t\t<\/a><br \/>\n\t\t\t\t\t\t\t\t\t\t\t\t\t\t\t<img decoding=\"async\" width=\"580\" height=\"387\" src=\"https:\/\/domesticasnopanamby.com.br\/novo\/wp-content\/uploads\/2023\/01\/Design-sem-nome-1.png\" alt=\"\" loading=\"lazy\" srcset=\"https:\/\/domesticasnopanamby.com.br\/novo\/wp-content\/uploads\/2023\/01\/Design-sem-nome-1.png 1024w, https:\/\/domesticasnopanamby.com.br\/novo\/wp-content\/uploads\/2023\/01\/Design-sem-nome-1-300x200.png 300w, https:\/\/domesticasnopanamby.com.br\/novo\/wp-content\/uploads\/2023\/01\/Design-sem-nome-1-768x512.png 768w\" sizes=\"auto, (max-width: 580px) 100vw, 580px\" \/>\t\t\t\t\t\t\t\t\t\t\t\t\t\t\t<\/p>\n<h2>Cozinheira<\/h2>\n<p>\t\t\t<a href=\"https:\/\/domesticasnopanamby.com.br\/novo\/solicite-uma-profissional\/\" role=\"button\"><br \/>\n\t\t\t\t\t\tSOLICITE<br \/>\n\t\t\t\t\t<\/a><br \/>\n\t\t\t\t\t\t\t\t\t\t\t\t\t\t\t<img decoding=\"async\" width=\"580\" height=\"387\" src=\"https:\/\/domesticasnopanamby.com.br\/novo\/wp-content\/uploads\/2023\/01\/Arrumadeira.jpg\" alt=\"\" loading=\"lazy\" srcset=\"https:\/\/domesticasnopanamby.com.br\/novo\/wp-content\/uploads\/2023\/01\/Arrumadeira.jpg 1024w, https:\/\/domesticasnopanamby.com.br\/novo\/wp-content\/uploads\/2023\/01\/Arrumadeira-300x200.jpg 300w, https:\/\/domesticasnopanamby.com.br\/novo\/wp-content\/uploads\/2023\/01\/Arrumadeira-768x512.jpg 768w\" sizes=\"auto, (max-width: 580px) 100vw, 580px\" \/>\t\t\t\t\t\t\t\t\t\t\t\t\t\t\t<\/p>\n<h2>Dom\u00e9stica<\/h2>\n<p>\t\t\t<a href=\"https:\/\/domesticasnopanamby.com.br\/novo\/solicite-uma-profissional\/\" role=\"button\"><br \/>\n\t\t\t\t\t\tSOLICITE<br \/>\n\t\t\t\t\t<\/a><br \/>\n\t\t\t\t\t\t\t\t\t\t\t\t\t\t\t<img decoding=\"async\" width=\"580\" height=\"387\" src=\"https:\/\/domesticasnopanamby.com.br\/novo\/wp-content\/uploads\/2023\/01\/Design-sem-nome-1-1.png\" alt=\"\" loading=\"lazy\" srcset=\"https:\/\/domesticasnopanamby.com.br\/novo\/wp-content\/uploads\/2023\/01\/Design-sem-nome-1-1.png 1024w, https:\/\/domesticasnopanamby.com.br\/novo\/wp-content\/uploads\/2023\/01\/Design-sem-nome-1-1-300x200.png 300w, https:\/\/domesticasnopanamby.com.br\/novo\/wp-content\/uploads\/2023\/01\/Design-sem-nome-1-1-768x512.png 768w\" sizes=\"auto, (max-width: 580px) 100vw, 580px\" \/>\t\t\t\t\t\t\t\t\t\t\t\t\t\t\t<\/p>\n<h2>Cuidador De Idosos<\/h2>\n<p>\t\t\t<a href=\"https:\/\/domesticasnopanamby.com.br\/novo\/solicite-uma-profissional\/\" role=\"button\"><br \/>\n\t\t\t\t\t\tSOLICITE<br \/>\n\t\t\t\t\t<\/a><br \/>\n\t\t\t\t\t\t\t\t\t\t\t\t\t\t\t<img decoding=\"async\" width=\"580\" height=\"386\" src=\"https:\/\/domesticasnopanamby.com.br\/novo\/wp-content\/uploads\/2023\/01\/Diarista.jpg\" alt=\"\" loading=\"lazy\" srcset=\"https:\/\/domesticasnopanamby.com.br\/novo\/wp-content\/uploads\/2023\/01\/Diarista.jpg 1024w, https:\/\/domesticasnopanamby.com.br\/novo\/wp-content\/uploads\/2023\/01\/Diarista-300x200.jpg 300w, https:\/\/domesticasnopanamby.com.br\/novo\/wp-content\/uploads\/2023\/01\/Diarista-768x512.jpg 768w\" sizes=\"auto, (max-width: 580px) 100vw, 580px\" \/>\t\t\t\t\t\t\t\t\t\t\t\t\t\t\t<\/p>\n<h2>Diarista<\/h2>\n<p>\t\t\t<a href=\"https:\/\/domesticasnopanamby.com.br\/novo\/solicite-uma-profissional\/\" role=\"button\"><br \/>\n\t\t\t\t\t\tSOLICITE<br \/>\n\t\t\t\t\t<\/a><br \/>\n\t\t\t\t\t\t\t\t\t\t\t\t\t\t\t<img decoding=\"async\" width=\"580\" height=\"386\" src=\"https:\/\/domesticasnopanamby.com.br\/novo\/wp-content\/uploads\/2023\/01\/Folguista.jpg\" alt=\"\" loading=\"lazy\" srcset=\"https:\/\/domesticasnopanamby.com.br\/novo\/wp-content\/uploads\/2023\/01\/Folguista.jpg 1024w, https:\/\/domesticasnopanamby.com.br\/novo\/wp-content\/uploads\/2023\/01\/Folguista-300x200.jpg 300w, https:\/\/domesticasnopanamby.com.br\/novo\/wp-content\/uploads\/2023\/01\/Folguista-768x512.jpg 768w\" sizes=\"auto, (max-width: 580px) 100vw, 580px\" \/>\t\t\t\t\t\t\t\t\t\t\t\t\t\t\t<\/p>\n<h2>Folguista<\/h2>\n<p>\t\t\t<a href=\"https:\/\/domesticasnopanamby.com.br\/novo\/solicite-uma-profissional\/\" role=\"button\"><br \/>\n\t\t\t\t\t\tSOLICITE<br \/>\n\t\t\t\t\t<\/a><br \/>\n\t\t\t\t\t\t\t\t\t\t\t\t\t\t\t<img decoding=\"async\" width=\"580\" height=\"386\" src=\"https:\/\/domesticasnopanamby.com.br\/novo\/wp-content\/uploads\/2023\/01\/Passadeira.jpg\" alt=\"\" loading=\"lazy\" srcset=\"https:\/\/domesticasnopanamby.com.br\/novo\/wp-content\/uploads\/2023\/01\/Passadeira.jpg 1024w, https:\/\/domesticasnopanamby.com.br\/novo\/wp-content\/uploads\/2023\/01\/Passadeira-300x200.jpg 300w, https:\/\/domesticasnopanamby.com.br\/novo\/wp-content\/uploads\/2023\/01\/Passadeira-768x511.jpg 768w\" sizes=\"auto, (max-width: 580px) 100vw, 580px\" \/>\t\t\t\t\t\t\t\t\t\t\t\t\t\t\t<\/p>\n<h2>Passadeira<\/h2>\n<p>\t\t\t<a href=\"https:\/\/domesticasnopanamby.com.br\/novo\/solicite-uma-profissional\/\" role=\"button\"><br \/>\n\t\t\t\t\t\tSOLICITE<br \/>\n\t\t\t\t\t<\/a><br \/>\n\t\t\t\t\t\t\t\t\t\t\t\t\t\t\t<img decoding=\"async\" width=\"580\" height=\"386\" src=\"https:\/\/domesticasnopanamby.com.br\/novo\/wp-content\/uploads\/2023\/02\/4EKMWKW.jpg\" alt=\"\" loading=\"lazy\" srcset=\"https:\/\/domesticasnopanamby.com.br\/novo\/wp-content\/uploads\/2023\/02\/4EKMWKW.jpg 1024w, https:\/\/domesticasnopanamby.com.br\/novo\/wp-content\/uploads\/2023\/02\/4EKMWKW-300x200.jpg 300w, https:\/\/domesticasnopanamby.com.br\/novo\/wp-content\/uploads\/2023\/02\/4EKMWKW-768x512.jpg 768w\" sizes=\"auto, (max-width: 580px) 100vw, 580px\" \/>\t\t\t\t\t\t\t\t\t\t\t\t\t\t\t<\/p>\n<h2>Mordomo<\/h2>\n<p>\t\t\t<a href=\"https:\/\/domesticasnopanamby.com.br\/novo\/solicite-uma-profissional\/\" role=\"button\"><br \/>\n\t\t\t\t\t\tSOLICITE<br \/>\n\t\t\t\t\t<\/a><br \/>\n\t\t\t\t\t\t\t\t\t\t\t\t\t\t\t<img decoding=\"async\" width=\"580\" height=\"387\" src=\"https:\/\/domesticasnopanamby.com.br\/novo\/wp-content\/uploads\/2023\/02\/Governanta-2-1.jpg\" alt=\"\" loading=\"lazy\" srcset=\"https:\/\/domesticasnopanamby.com.br\/novo\/wp-content\/uploads\/2023\/02\/Governanta-2-1.jpg 1024w, https:\/\/domesticasnopanamby.com.br\/novo\/wp-content\/uploads\/2023\/02\/Governanta-2-1-300x200.jpg 300w, https:\/\/domesticasnopanamby.com.br\/novo\/wp-content\/uploads\/2023\/02\/Governanta-2-1-768x512.jpg 768w\" sizes=\"auto, (max-width: 580px) 100vw, 580px\" \/>\t\t\t\t\t\t\t\t\t\t\t\t\t\t\t<\/p>\n<h2>Governanta<\/h2>\n<p>\t\t\t<a href=\"https:\/\/domesticasnopanamby.com.br\/novo\/solicite-uma-profissional\/\" role=\"button\"><br \/>\n\t\t\t\t\t\tSOLICITE<br \/>\n\t\t\t\t\t<\/a><br \/>\n\t\t\t\t\t\t\t\t\t\t\t\t\t\t\t<img decoding=\"async\" width=\"580\" height=\"387\" src=\"https:\/\/domesticasnopanamby.com.br\/novo\/wp-content\/uploads\/2023\/02\/Caseiro.jpg\" alt=\"\" loading=\"lazy\" srcset=\"https:\/\/domesticasnopanamby.com.br\/novo\/wp-content\/uploads\/2023\/02\/Caseiro.jpg 1024w, https:\/\/domesticasnopanamby.com.br\/novo\/wp-content\/uploads\/2023\/02\/Caseiro-300x200.jpg 300w, https:\/\/domesticasnopanamby.com.br\/novo\/wp-content\/uploads\/2023\/02\/Caseiro-768x512.jpg 768w\" sizes=\"auto, (max-width: 580px) 100vw, 580px\" \/>\t\t\t\t\t\t\t\t\t\t\t\t\t\t\t<\/p>\n<h2>Caseiros<\/h2>\n<p>\t\t\t<a href=\"https:\/\/domesticasnopanamby.com.br\/novo\/solicite-uma-profissional\/\" role=\"button\"><br \/>\n\t\t\t\t\t\tSOLICITE<br \/>\n\t\t\t\t\t<\/a><\/p>\n","protected":false},"excerpt":{"rendered":"<p>CONHE\u00c7A NOSSOS SERVI\u00c7OS Arrumadeira SOLICITE Bab\u00e1 SOLICITE Copeira SOLICITE Cozinheira SOLICITE Dom\u00e9stica SOLICITE Cuidador De Idosos SOLICITE Diarista SOLICITE Folguista SOLICITE Passadeira SOLICITE Mordomo SOLICITE Governanta SOLICITE Caseiros SOLICITE<\/p>\n","protected":false},"author":3,"featured_media":0,"parent":0,"menu_order":0,"comment_status":"closed","ping_status":"closed","template":"elementor_header_footer","meta":{"footnotes":""},"class_list":["post-434","page","type-page","status-publish","hentry"],"_links":{"self":[{"href":"https:\/\/domesticasnopanamby.com.br\/novo\/wp-json\/wp\/v2\/pages\/434","targetHints":{"allow":["GET"]}}],"collection":[{"href":"https:\/\/domesticasnopanamby.com.br\/novo\/wp-json\/wp\/v2\/pages"}],"about":[{"href":"https:\/\/domesticasnopanamby.com.br\/novo\/wp-json\/wp\/v2\/types\/page"}],"author":[{"embeddable":true,"href":"https:\/\/domesticasnopanamby.com.br\/novo\/wp-json\/wp\/v2\/users\/3"}],"replies":[{"embeddable":true,"href":"https:\/\/domesticasnopanamby.com.br\/novo\/wp-json\/wp\/v2\/comments?post=434"}],"version-history":[{"count":34,"href":"https:\/\/domesticasnopanamby.com.br\/novo\/wp-json\/wp\/v2\/pages\/434\/revisions"}],"predecessor-version":[{"id":1258,"href":"https:\/\/domesticasnopanamby.com.br\/novo\/wp-json\/wp\/v2\/pages\/434\/revisions\/1258"}],"wp:attachment":[{"href":"https:\/\/domesticasnopanamby.com.br\/novo\/wp-json\/wp\/v2\/media?parent=434"}],"curies":[{"name":"wp","href":"https:\/\/api.w.org\/{rel}","templated":true}]}}