{"id":431,"date":"2023-02-02T18:33:48","date_gmt":"2023-02-02T21:33:48","guid":{"rendered":"https:\/\/domesticasnopanamby.com.br\/novo\/?page_id=431"},"modified":"2023-02-24T16:19:35","modified_gmt":"2023-02-24T19:19:35","slug":"quem-somos","status":"publish","type":"page","link":"https:\/\/domesticasnopanamby.com.br\/novo\/quem-somos\/","title":{"rendered":"Quem Somos"},"content":{"rendered":"<style>\/*! elementor - v3.10.1 - 17-01-2023 *\/\n.elementor-heading-title{padding:0;margin:0;line-height:1}.elementor-widget-heading .elementor-heading-title[class*=elementor-size-]>a{color:inherit;font-size:inherit;line-height:inherit}.elementor-widget-heading .elementor-heading-title.elementor-size-small{font-size:15px}.elementor-widget-heading .elementor-heading-title.elementor-size-medium{font-size:19px}.elementor-widget-heading .elementor-heading-title.elementor-size-large{font-size:29px}.elementor-widget-heading .elementor-heading-title.elementor-size-xl{font-size:39px}.elementor-widget-heading .elementor-heading-title.elementor-size-xxl{font-size:59px}<\/style>\n<h2>QUEM SOMOS<\/h2>\n<h2>Sobre N\u00f3s<\/h2>\n<p>&nbsp; H\u00e1 mais de 10 anos trabalhando na sele\u00e7\u00e3o e encaminhamento de profissionais capacitados a cuidarem das necessidades de nossos clientes, no segmento dom\u00e9stico, contamos com um banco de dados com o cadastro de diversos profissionais que passam por um processo minucioso e cuidadoso de recrutamento e acompanhamento mesmo depois da sua contrata\u00e7\u00e3o.<\/p>\n<p>Nosso compromisso \u00e9 com voc\u00ea e a sua satisfa\u00e7\u00e3o em rela\u00e7\u00e3o ao nosso servi\u00e7o prestado; desde o atendimento, a escolha do profissional, bem como o desempenho dele, segundo a sua an\u00e1lise.<\/p>\n<style>\/*! elementor - v3.10.1 - 17-01-2023 *\/\n.elementor-widget-image{text-align:center}.elementor-widget-image a{display:inline-block}.elementor-widget-image a img[src$=\".svg\"]{width:48px}.elementor-widget-image img{vertical-align:middle;display:inline-block}<\/style>\n<p>\t\t\t\t\t\t\t\t\t\t\t\t<img decoding=\"async\" width=\"400\" height=\"400\" src=\"https:\/\/domesticasnopanamby.com.br\/novo\/wp-content\/uploads\/2023\/02\/Design-sem-nome-15.png\" alt=\"\" loading=\"lazy\" srcset=\"https:\/\/domesticasnopanamby.com.br\/novo\/wp-content\/uploads\/2023\/02\/Design-sem-nome-15.png 400w, https:\/\/domesticasnopanamby.com.br\/novo\/wp-content\/uploads\/2023\/02\/elementor\/thumbs\/Design-sem-nome-15-q23swmr7xs3ufg89wjhsc1a9fsi0dyww48019b1bco.png 300w, https:\/\/domesticasnopanamby.com.br\/novo\/wp-content\/uploads\/2023\/02\/Design-sem-nome-15-150x150.png 150w, https:\/\/domesticasnopanamby.com.br\/novo\/wp-content\/uploads\/2023\/02\/elementor\/thumbs\/Design-sem-nome-15-150x150.png 600w\" sizes=\"auto, (max-width: 400px) 100vw, 400px\" \/>\t\t\t\t\t\t\t\t\t\t\t\t\t\t\t<\/p>\n<h2>NOSSA LOCALIZA\u00c7\u00c3O<\/h2>\n<p>Rua Algemesi, N\u00ba 45 &#8211; Sala Vila Andrade, S\u00e3o Paulo\/SP<br \/>Cep: 05717-190<\/p>\n<p><iframe loading=\"lazy\" style=\"border: 0;\" src=\"https:\/\/www.google.com\/maps\/embed?pb=!1m14!1m8!1m3!1d14620.532181600302!2d-46.734085!3d-23.6354059!3m2!1i1024!2i768!4f13.1!3m3!1m2!1s0x0%3A0xbf339f0be26e068e!2sPanamby%20Agenciamento%20de%20empregadas%20e%20babas!5e0!3m2!1spt-BR!2sbr!4v1675890501169!5m2!1spt-BR!2sbr\" width=\"600\" height=\"250\" allowfullscreen=\"allowfullscreen\"><\/iframe><\/p>\n","protected":false},"excerpt":{"rendered":"<p>QUEM SOMOS Sobre N\u00f3s &nbsp; H\u00e1 mais de 10 anos trabalhando na sele\u00e7\u00e3o e encaminhamento de profissionais capacitados a cuidarem das necessidades de nossos clientes, no segmento dom\u00e9stico, contamos com um banco de dados com o cadastro de diversos profissionais que passam por um processo minucioso e cuidadoso de recrutamento e acompanhamento mesmo depois da [&hellip;]<\/p>\n","protected":false},"author":3,"featured_media":0,"parent":0,"menu_order":0,"comment_status":"closed","ping_status":"closed","template":"elementor_header_footer","meta":{"footnotes":""},"class_list":["post-431","page","type-page","status-publish","hentry"],"_links":{"self":[{"href":"https:\/\/domesticasnopanamby.com.br\/novo\/wp-json\/wp\/v2\/pages\/431","targetHints":{"allow":["GET"]}}],"collection":[{"href":"https:\/\/domesticasnopanamby.com.br\/novo\/wp-json\/wp\/v2\/pages"}],"about":[{"href":"https:\/\/domesticasnopanamby.com.br\/novo\/wp-json\/wp\/v2\/types\/page"}],"author":[{"embeddable":true,"href":"https:\/\/domesticasnopanamby.com.br\/novo\/wp-json\/wp\/v2\/users\/3"}],"replies":[{"embeddable":true,"href":"https:\/\/domesticasnopanamby.com.br\/novo\/wp-json\/wp\/v2\/comments?post=431"}],"version-history":[{"count":118,"href":"https:\/\/domesticasnopanamby.com.br\/novo\/wp-json\/wp\/v2\/pages\/431\/revisions"}],"predecessor-version":[{"id":1379,"href":"https:\/\/domesticasnopanamby.com.br\/novo\/wp-json\/wp\/v2\/pages\/431\/revisions\/1379"}],"wp:attachment":[{"href":"https:\/\/domesticasnopanamby.com.br\/novo\/wp-json\/wp\/v2\/media?parent=431"}],"curies":[{"name":"wp","href":"https:\/\/api.w.org\/{rel}","templated":true}]}}